{"id":15576,"date":"2022-05-09T10:25:35","date_gmt":"2022-05-09T10:25:35","guid":{"rendered":"http:\/\/box5203.temp.domains\/~lanachec\/lanachecookies\/?page_id=15576"},"modified":"2022-06-13T11:13:58","modified_gmt":"2022-06-13T11:13:58","slug":"imprint","status":"publish","type":"page","link":"https:\/\/lanache2.rami.de\/de\/imprint\/","title":{"rendered":"Impressum"},"content":{"rendered":"<p><strong>Lanache GmbH<\/strong><\/p>\n<p>Rosenstra\u00dfe 55<\/p>\n<p>73733 Esslingen<\/p>\n<p>Mobil-Tel.: &nbsp;&nbsp;&nbsp;&nbsp;&nbsp;&nbsp; +49\/ (0)163\/ 3842515<\/p>\n<p>E-Mail: &nbsp;&nbsp;&nbsp;&nbsp;&nbsp;&nbsp;&nbsp;&nbsp;&nbsp;&nbsp;&nbsp;&nbsp; ln@lanache.com<\/p>\n<p>Gesch\u00e4ftsf\u00fchrerin: &nbsp;&nbsp;&nbsp;&nbsp;&nbsp;&nbsp; Layan Nashwan<\/p>\n<p>&nbsp;<\/p>\n<p>Registergericht: &nbsp;&nbsp;&nbsp;&nbsp;&nbsp;&nbsp;&nbsp;&nbsp;&nbsp;&nbsp;&nbsp; Amtsgericht Stuttgart<\/p>\n<p>Registernummer: &nbsp;&nbsp;&nbsp;&nbsp;&nbsp;&nbsp;&nbsp;&nbsp; HRB 776332<\/p>\n<p>USt.-ID: &nbsp;&nbsp;&nbsp;&nbsp;&nbsp;&nbsp;&nbsp;&nbsp;&nbsp;&nbsp;&nbsp;&nbsp;&nbsp;&nbsp;&nbsp;&nbsp;&nbsp;&nbsp;&nbsp;&nbsp;&nbsp;&nbsp;&nbsp; DE 337075128<\/p>\n<p>_________________<\/p>\n<p><strong>Verantwortlich f\u00fcr Inhalte i.S.d. \u00a7 18 Abs. 2 MStV:<\/strong><\/p>\n<p>Layan Nashwan<\/p>\n<p>c\/o&nbsp;<strong>Lanache GmbH<\/strong><\/p>\n<p>Rosenstra\u00dfe 55<\/p>\n<p>73733 Esslingen<\/p>\n<p>_________________<\/p>\n<p><strong>&nbsp;<\/strong><\/p>\n<p><strong>Hinweis zur Online-Plattform der EU-Kommission zur au\u00dfergerichtlichen Streitbeilegung:<\/strong><\/p>\n<p>Durch die VERORDNUNG (EU) Nr. 524\/2013 vom 21. Mai 2013 hat das EUROP\u00c4ISCHE PARLAMENT und der EUROP\u00c4ISCHE RAT die Schaffung einer Internetplattform beschlossen, die eine unabh\u00e4ngige, unparteiische, transparente, effektive, schnelle und faire au\u00dfergerichtliche Online-Beilegung von Streitigkeiten zwischen Verbrauchern und Unternehmern anl\u00e4sslich von Online-Kaufvertr\u00e4gen oder Online-Dienstleistungsvertr\u00e4gen erm\u00f6glichen soll. Verbraucher erhalten \u00fcber die URL&nbsp;<a title=\"https:\/\/ec.europa.eu\/consumers\/odr\" href=\"https:\/\/ec.europa.eu\/consumers\/odr\">https:\/\/ec.europa.eu\/consumers\/odr<\/a>&nbsp;n\u00e4here Informationen und einen Zugang zu der Plattform.<\/p>\n<p>E-Mail des Anbieters: ln@lanache.com<\/p>\n<p>Zur Teilnahme an einem Streitschlichtungsverfahren sind wir nicht bereit und nicht verpflichtet.<br \/>\n<div class=\"woocommerce woocommerce-gzd woocommerce-gzd-complaints-shortcode\">\n\t\t\t<h3>Alternative Streitbeilegung gem\u00e4\u00df Art. 14 Abs. 1 ODR-VO und \u00a7 36 VSBG:<\/h3>\n\t\nWe are not obliged nor willing to participate in dispute settlement proceedings before a consumer arbitration board.<\/div><\/p>","protected":false},"excerpt":{"rendered":"<p>Lanache GmbH Rosenstra\u00dfe 55 73733 Esslingen Mobil-Tel.: &nbsp;&nbsp;&nbsp;&nbsp;&nbsp;&nbsp; +49\/ (0)163\/ 3842515 E-Mail: &nbsp;&nbsp;&nbsp;&nbsp;&nbsp;&nbsp;&nbsp;&nbsp;&nbsp;&nbsp;&nbsp;&nbsp; ln@lanache.com Gesch\u00e4ftsf\u00fchrerin: &nbsp;&nbsp;&nbsp;&nbsp;&nbsp;&nbsp; Layan Nashwan &nbsp; Registergericht: &nbsp;&nbsp;&nbsp;&nbsp;&nbsp;&nbsp;&nbsp;&nbsp;&nbsp;&nbsp;&nbsp; Amtsgericht Stuttgart Registernummer: &nbsp;&nbsp;&nbsp;&nbsp;&nbsp;&nbsp;&nbsp;&nbsp; HRB 776332 USt.-ID: &nbsp;&nbsp;&nbsp;&nbsp;&nbsp;&nbsp;&nbsp;&nbsp;&nbsp;&nbsp;&nbsp;&nbsp;&nbsp;&nbsp;&nbsp;&nbsp;&nbsp;&nbsp;&nbsp;&nbsp;&nbsp;&nbsp;&nbsp; DE 337075128 _________________ Verantwortlich f\u00fcr Inhalte i.S.d. \u00a7 18 Abs. 2 MStV: Layan Nashwan c\/o&nbsp;Lanache GmbH Rosenstra\u00dfe 55 73733 Esslingen _________________ &nbsp; Hinweis zur Online-Plattform der [&hellip;]<\/p>\n","protected":false},"author":2,"featured_media":0,"parent":0,"menu_order":0,"comment_status":"closed","ping_status":"closed","template":"","meta":{"nf_dc_page":"","content-type":"","footnotes":""},"class_list":["post-15576","page","type-page","status-publish","hentry"],"_links":{"self":[{"href":"https:\/\/lanache2.rami.de\/de\/wp-json\/wp\/v2\/pages\/15576","targetHints":{"allow":["GET"]}}],"collection":[{"href":"https:\/\/lanache2.rami.de\/de\/wp-json\/wp\/v2\/pages"}],"about":[{"href":"https:\/\/lanache2.rami.de\/de\/wp-json\/wp\/v2\/types\/page"}],"author":[{"embeddable":true,"href":"https:\/\/lanache2.rami.de\/de\/wp-json\/wp\/v2\/users\/2"}],"replies":[{"embeddable":true,"href":"https:\/\/lanache2.rami.de\/de\/wp-json\/wp\/v2\/comments?post=15576"}],"version-history":[{"count":2,"href":"https:\/\/lanache2.rami.de\/de\/wp-json\/wp\/v2\/pages\/15576\/revisions"}],"predecessor-version":[{"id":16312,"href":"https:\/\/lanache2.rami.de\/de\/wp-json\/wp\/v2\/pages\/15576\/revisions\/16312"}],"wp:attachment":[{"href":"https:\/\/lanache2.rami.de\/de\/wp-json\/wp\/v2\/media?parent=15576"}],"curies":[{"name":"wp","href":"https:\/\/api.w.org\/{rel}","templated":true}]}}